{"id":2,"date":"2023-10-01T16:14:34","date_gmt":"2023-10-01T16:14:34","guid":{"rendered":"https:\/\/web4.rkinformatika.net\/donetrade\/?page_id=2"},"modified":"2026-03-26T19:25:03","modified_gmt":"2026-03-26T19:25:03","slug":"logistica-internacional-para-pymes","status":"publish","type":"page","link":"https:\/\/donetrade.eu\/en\/","title":{"rendered":"Inicio"},"content":{"rendered":"\t\t<div data-elementor-type=\"wp-page\" data-elementor-id=\"2\" class=\"elementor elementor-2\" data-elementor-post-type=\"page\">\n\t\t\t\t\t\t<section class=\"elementor-section elementor-top-section elementor-element elementor-element-543fcca3 elementor-section-boxed elementor-section-height-default elementor-section-height-default\" data-id=\"543fcca3\" data-element_type=\"section\" data-e-type=\"section\" data-settings=\"{&quot;background_background&quot;:&quot;slideshow&quot;,&quot;background_slideshow_slide_duration&quot;:3500,&quot;background_slideshow_ken_burns&quot;:&quot;yes&quot;,&quot;background_slideshow_gallery&quot;:[{&quot;id&quot;:&quot;41&quot;,&quot;url&quot;:&quot;https:\\\/\\\/donetrade.eu\\\/wp-content\\\/uploads\\\/2023\\\/11\\\/forklift-working-in-the-container-cargo-yard-port-Z44N3YNa.jpg&quot;},{&quot;id&quot;:&quot;42&quot;,&quot;url&quot;:&quot;https:\\\/\\\/donetrade.eu\\\/wp-content\\\/uploads\\\/2023\\\/11\\\/loading-to-the-aircraft-PPSSYVL.jpg&quot;},{&quot;id&quot;:&quot;43&quot;,&quot;url&quot;:&quot;https:\\\/\\\/donetrade.eu\\\/wp-content\\\/uploads\\\/2023\\\/11\\\/aerial-side-view-of-cargo-ship-carrying-container-9X7A8BH.jpg&quot;}],&quot;background_slideshow_loop&quot;:&quot;yes&quot;,&quot;background_slideshow_slide_transition&quot;:&quot;fade&quot;,&quot;background_slideshow_transition_duration&quot;:500,&quot;background_slideshow_ken_burns_zoom_direction&quot;:&quot;in&quot;}\">\n\t\t\t\t\t\t\t<div class=\"elementor-background-overlay\"><\/div>\n\t\t\t\t\t\t\t<div class=\"elementor-container elementor-column-gap-default\">\n\t\t\t\t\t<div class=\"elementor-column elementor-col-100 elementor-top-column elementor-element elementor-element-41980a83 animated-slow elementor-invisible\" data-id=\"41980a83\" data-element_type=\"column\" data-e-type=\"column\" data-settings=\"{&quot;animation&quot;:&quot;fadeInLeft&quot;}\">\n\t\t\t<div class=\"elementor-widget-wrap elementor-element-populated\">\n\t\t\t\t\t\t<div class=\"elementor-element elementor-element-20092fb2 elementor-widget elementor-widget-heading\" data-id=\"20092fb2\" data-element_type=\"widget\" data-e-type=\"widget\" data-widget_type=\"heading.default\">\n\t\t\t\t<div class=\"elementor-widget-container\">\n\t\t\t\t\t<h1 class=\"elementor-heading-title elementor-size-default\">Bienvenido a D'One Trade<\/h1>\t\t\t\t<\/div>\n\t\t\t\t<\/div>\n\t\t\t\t<div class=\"elementor-element elementor-element-74e33b7a elementor-hidden-desktop elementor-hidden-tablet elementor-hidden-mobile elementor-widget elementor-widget-heading\" data-id=\"74e33b7a\" data-element_type=\"widget\" data-e-type=\"widget\" data-widget_type=\"heading.default\">\n\t\t\t\t<div class=\"elementor-widget-container\">\n\t\t\t\t\t<h2 class=\"elementor-heading-title elementor-size-default\">Log\u00edstica internacional para empresas<\/h2>\t\t\t\t<\/div>\n\t\t\t\t<\/div>\n\t\t\t\t<div class=\"elementor-element elementor-element-79d1977 elementor-widget elementor-widget-heading\" data-id=\"79d1977\" data-element_type=\"widget\" data-e-type=\"widget\" data-widget_type=\"heading.default\">\n\t\t\t\t<div class=\"elementor-widget-container\">\n\t\t\t\t\t<h2 class=\"elementor-heading-title elementor-size-default\">Potencia tu negocio con una mejor log\u00edstica<\/h2>\t\t\t\t<\/div>\n\t\t\t\t<\/div>\n\t\t\t\t<div class=\"elementor-element elementor-element-a5c6984 elementor-widget elementor-widget-text-editor\" data-id=\"a5c6984\" data-element_type=\"widget\" data-e-type=\"widget\" data-widget_type=\"text-editor.default\">\n\t\t\t\t<div class=\"elementor-widget-container\">\n\t\t\t\t\t\t\t\t\t<p>Log\u00edstica internacional para empresas, log\u00edstica internacional para empresas<\/p>\t\t\t\t\t\t\t\t<\/div>\n\t\t\t\t<\/div>\n\t\t\t\t\t<\/div>\n\t\t<\/div>\n\t\t\t\t\t<\/div>\n\t\t<\/section>\n\t\t\t\t<section class=\"elementor-section elementor-top-section elementor-element elementor-element-78b78941 elementor-section-boxed elementor-section-height-default elementor-section-height-default\" data-id=\"78b78941\" data-element_type=\"section\" data-e-type=\"section\">\n\t\t\t\t\t\t<div class=\"elementor-container elementor-column-gap-default\">\n\t\t\t\t\t<div class=\"elementor-column elementor-col-50 elementor-top-column elementor-element elementor-element-25697104\" data-id=\"25697104\" data-element_type=\"column\" data-e-type=\"column\">\n\t\t\t<div class=\"elementor-widget-wrap elementor-element-populated\">\n\t\t\t\t\t\t<div class=\"elementor-element elementor-element-39dec580 elementor-invisible elementor-widget elementor-widget-heading\" data-id=\"39dec580\" data-element_type=\"widget\" data-e-type=\"widget\" data-settings=\"{&quot;_animation&quot;:&quot;fadeInLeft&quot;}\" data-widget_type=\"heading.default\">\n\t\t\t\t<div class=\"elementor-widget-container\">\n\t\t\t\t\t<h2 class=\"elementor-heading-title elementor-size-default\">Este es el momento de la verdad.<\/h2>\t\t\t\t<\/div>\n\t\t\t\t<\/div>\n\t\t\t\t<div class=\"elementor-element elementor-element-69c42f67 ekit-equal-height-disable elementor-invisible elementor-widget elementor-widget-elementskit-icon-box\" data-id=\"69c42f67\" data-element_type=\"widget\" data-e-type=\"widget\" data-settings=\"{&quot;_animation&quot;:&quot;fadeInLeft&quot;}\" data-widget_type=\"elementskit-icon-box.default\">\n\t\t\t\t<div class=\"elementor-widget-container\">\n\t\t\t\t\t<div class=\"ekit-wid-con\" >        <!-- link opening -->\n                <!-- end link opening -->\n\n        <div class=\"elementskit-infobox text-left text-left icon-lef-right-aligin elementor-animation- media  \">\n                            <div class=\"elementskit-box-header\">\n                <div class=\"elementskit-info-box-icon text-center\">\n                    <img decoding=\"async\" src=\"\" title=\"\" alt=\"\" class=\"\" \/>                <\/div>\n          <\/div>\n                <div class=\"box-body\">\n                            <h3 class=\"elementskit-info-box-title\">\n                    No es una cuesti\u00f3n de creer:                 <\/h3>\n                        \t\t  \t<p>El momento es de crecer internacionalmente o irse. El aumento de los vol\u00famenes del comercio internacional es estructural e irreversible.<\/p>\n                                <\/div>\n        \n        \n                <\/div>\n        <\/div>\t\t\t\t<\/div>\n\t\t\t\t<\/div>\n\t\t\t\t<div class=\"elementor-element elementor-element-e97b644 ekit-equal-height-disable elementor-invisible elementor-widget elementor-widget-elementskit-icon-box\" data-id=\"e97b644\" data-element_type=\"widget\" data-e-type=\"widget\" data-settings=\"{&quot;_animation&quot;:&quot;fadeInLeft&quot;}\" data-widget_type=\"elementskit-icon-box.default\">\n\t\t\t\t<div class=\"elementor-widget-container\">\n\t\t\t\t\t<div class=\"ekit-wid-con\" >        <!-- link opening -->\n                <!-- end link opening -->\n\n        <div class=\"elementskit-infobox text-left text-left icon-lef-right-aligin elementor-animation- media  \">\n                            <div class=\"elementskit-box-header\">\n                <div class=\"elementskit-info-box-icon text-center\">\n                    <img decoding=\"async\" src=\"\" title=\"\" alt=\"\" class=\"\" \/>                <\/div>\n          <\/div>\n                <div class=\"box-body\">\n                            <h3 class=\"elementskit-info-box-title\">\n                    No es una cuesti\u00f3n de perspectiva:                <\/h3>\n                        \t\t  \t<p>las peque\u00f1as y medianas empresas necesitan intensificar su modelo de negocios y hacerlo ahora.<\/p>\n                                <\/div>\n        \n        \n                <\/div>\n        <\/div>\t\t\t\t<\/div>\n\t\t\t\t<\/div>\n\t\t\t\t<div class=\"elementor-element elementor-element-210168f6 ekit-equal-height-disable elementor-invisible elementor-widget elementor-widget-elementskit-icon-box\" data-id=\"210168f6\" data-element_type=\"widget\" data-e-type=\"widget\" data-settings=\"{&quot;_animation&quot;:&quot;fadeInLeft&quot;}\" data-widget_type=\"elementskit-icon-box.default\">\n\t\t\t\t<div class=\"elementor-widget-container\">\n\t\t\t\t\t<div class=\"ekit-wid-con\" >        <!-- link opening -->\n                <!-- end link opening -->\n\n        <div class=\"elementskit-infobox text-left text-left icon-lef-right-aligin elementor-animation- media  \">\n                            <div class=\"elementskit-box-header\">\n                <div class=\"elementskit-info-box-icon text-center\">\n                    <img decoding=\"async\" src=\"\" title=\"\" alt=\"\" class=\"\" \/>                <\/div>\n          <\/div>\n                <div class=\"box-body\">\n                            <h3 class=\"elementskit-info-box-title\">\n                    No es una cuesti\u00f3n de concepto:                 <\/h3>\n                        \t\t  \t<p>El aumento de la inflaci\u00f3n afecta la rentabilidad de las operaciones; las iniciativas de optimizaci\u00f3n son fundamentales para la supervivencia de los negocios.<\/p>\n                                <\/div>\n        \n        \n                <\/div>\n        <\/div>\t\t\t\t<\/div>\n\t\t\t\t<\/div>\n\t\t\t\t<div class=\"elementor-element elementor-element-f33bbdd ekit-equal-height-disable elementor-invisible elementor-widget elementor-widget-elementskit-icon-box\" data-id=\"f33bbdd\" data-element_type=\"widget\" data-e-type=\"widget\" data-settings=\"{&quot;_animation&quot;:&quot;fadeInLeft&quot;}\" data-widget_type=\"elementskit-icon-box.default\">\n\t\t\t\t<div class=\"elementor-widget-container\">\n\t\t\t\t\t<div class=\"ekit-wid-con\" >        <!-- link opening -->\n                <!-- end link opening -->\n\n        <div class=\"elementskit-infobox text-left text-left icon-lef-right-aligin elementor-animation- media  \">\n                            <div class=\"elementskit-box-header\">\n                <div class=\"elementskit-info-box-icon text-center\">\n                    <img decoding=\"async\" src=\"\" title=\"\" alt=\"\" class=\"\" \/>                <\/div>\n          <\/div>\n                <div class=\"box-body\">\n                            <h3 class=\"elementskit-info-box-title\">\n                    No es una cuesti\u00f3n de tiempo:                <\/h3>\n                        \t\t  \t<p>el punto de inflexi\u00f3n es aqu\u00ed y ahora.<\/p>\n                                <\/div>\n        \n        \n                <\/div>\n        <\/div>\t\t\t\t<\/div>\n\t\t\t\t<\/div>\n\t\t\t\t\t<\/div>\n\t\t<\/div>\n\t\t\t\t<div class=\"elementor-column elementor-col-50 elementor-top-column elementor-element elementor-element-753e36d6\" data-id=\"753e36d6\" data-element_type=\"column\" data-e-type=\"column\" data-settings=\"{&quot;background_background&quot;:&quot;classic&quot;}\">\n\t\t\t<div class=\"elementor-widget-wrap elementor-element-populated\">\n\t\t\t\t\t<div class=\"elementor-background-overlay\"><\/div>\n\t\t\t\t\t\t<div class=\"elementor-element elementor-element-3f53bc34 elementor-absolute elementor-widget__width-initial animated-slow elementor-invisible elementor-widget elementor-widget-spacer\" data-id=\"3f53bc34\" data-element_type=\"widget\" data-e-type=\"widget\" data-settings=\"{&quot;_position&quot;:&quot;absolute&quot;,&quot;_animation&quot;:&quot;zoomIn&quot;,&quot;_animation_delay&quot;:1500}\" data-widget_type=\"spacer.default\">\n\t\t\t\t<div class=\"elementor-widget-container\">\n\t\t\t\t\t\t\t<div class=\"elementor-spacer\">\n\t\t\t<div class=\"elementor-spacer-inner\"><\/div>\n\t\t<\/div>\n\t\t\t\t\t\t<\/div>\n\t\t\t\t<\/div>\n\t\t\t\t\t<\/div>\n\t\t<\/div>\n\t\t\t\t\t<\/div>\n\t\t<\/section>\n\t\t\t\t<section class=\"elementor-section elementor-top-section elementor-element elementor-element-52ae564a elementor-section-boxed elementor-section-height-default elementor-section-height-default\" data-id=\"52ae564a\" data-element_type=\"section\" data-e-type=\"section\" data-settings=\"{&quot;background_background&quot;:&quot;classic&quot;}\">\n\t\t\t\t\t\t\t<div class=\"elementor-background-overlay\"><\/div>\n\t\t\t\t\t\t\t<div class=\"elementor-container elementor-column-gap-default\">\n\t\t\t\t\t<div class=\"elementor-column elementor-col-100 elementor-top-column elementor-element elementor-element-5a154968\" data-id=\"5a154968\" data-element_type=\"column\" data-e-type=\"column\">\n\t\t\t<div class=\"elementor-widget-wrap elementor-element-populated\">\n\t\t\t\t\t\t<div class=\"elementor-element elementor-element-6238b1a elementor-widget elementor-widget-heading\" data-id=\"6238b1a\" data-element_type=\"widget\" data-e-type=\"widget\" data-widget_type=\"heading.default\">\n\t\t\t\t<div class=\"elementor-widget-container\">\n\t\t\t\t\t<h3 class=\"elementor-heading-title elementor-size-default\">El mercado transfronterizo (cross border)<\/h3>\t\t\t\t<\/div>\n\t\t\t\t<\/div>\n\t\t\t\t<div class=\"elementor-element elementor-element-5e5d2d0d elementor-widget elementor-widget-text-editor\" data-id=\"5e5d2d0d\" data-element_type=\"widget\" data-e-type=\"widget\" data-widget_type=\"text-editor.default\">\n\t\t\t\t<div class=\"elementor-widget-container\">\n\t\t\t\t\t\t\t\t\t<p>\u25e6 El tama\u00f1o del mercado transfronterizo gira alrededor de 785 mil millones de d\u00f3lares en 2021 y se estima que alcanzar\u00e1 aproximadamente 7,9 billones de d\u00f3lares en 2030. Debido a una variedad de factores impulsores, se prev\u00e9 que el mercado aumentar\u00e1 a un ritmo significativo.<\/p><p>\u25e6 Seg\u00fan el an\u00e1lisis de las empresas especializadas, se estima que el mercado transfronterizo crezca por encima de una tasa compuesta anual (CAGR) superior al 25% entre el per\u00edodo de 2022 y 2030.<\/p>\t\t\t\t\t\t\t\t<\/div>\n\t\t\t\t<\/div>\n\t\t\t\t\t<\/div>\n\t\t<\/div>\n\t\t\t\t\t<\/div>\n\t\t<\/section>\n\t\t\t\t<section class=\"elementor-section elementor-top-section elementor-element elementor-element-7a475715 elementor-section-boxed elementor-section-height-default elementor-section-height-default\" data-id=\"7a475715\" data-element_type=\"section\" data-e-type=\"section\" data-settings=\"{&quot;background_background&quot;:&quot;classic&quot;}\">\n\t\t\t\t\t\t\t<div class=\"elementor-background-overlay\"><\/div>\n\t\t\t\t\t\t\t<div class=\"elementor-container elementor-column-gap-default\">\n\t\t\t\t\t<div class=\"elementor-column elementor-col-100 elementor-top-column elementor-element elementor-element-2872849d\" data-id=\"2872849d\" data-element_type=\"column\" data-e-type=\"column\" data-settings=\"{&quot;background_background&quot;:&quot;gradient&quot;}\">\n\t\t\t<div class=\"elementor-widget-wrap elementor-element-populated\">\n\t\t\t\t\t\t<div class=\"elementor-element elementor-element-562073a8 elementor-widget elementor-widget-heading\" data-id=\"562073a8\" data-element_type=\"widget\" data-e-type=\"widget\" data-widget_type=\"heading.default\">\n\t\t\t\t<div class=\"elementor-widget-container\">\n\t\t\t\t\t<h3 class=\"elementor-heading-title elementor-size-default\">\u201cLas oportunidades son como los amaneceres. Si esperas demasiado, te los pierdes\u201d. Nosotros podemos ayudarte:<\/h3>\t\t\t\t<\/div>\n\t\t\t\t<\/div>\n\t\t\t\t<div class=\"elementor-element elementor-element-12c87e89 elementor-widget elementor-widget-text-editor\" data-id=\"12c87e89\" data-element_type=\"widget\" data-e-type=\"widget\" data-widget_type=\"text-editor.default\">\n\t\t\t\t<div class=\"elementor-widget-container\">\n\t\t\t\t\t\t\t\t\t<ul><li style=\"list-style-type: none;\"><ul><li><p><span lang=\"es-ES\">China seguir\u00e1 siendo la f\u00e1brica del mundo, y podemos apoyarte a acceder a este mercado con seguridad y cumpliendo con las normativas.<\/span><\/p><\/li><li><p><span lang=\"es-ES\">Am\u00e9rica Latina es una de las regiones con m\u00e1s oportunidades de negocio, y a la vez mas complejas de operar en comercio exterior, pero podemos apoyarte a acceder a este mercado de m\u00e1s de 600 millones de consumidores. <\/span><\/p><\/li><li><p><span lang=\"es-ES\">La venta omnicanal ofrece una variedad de canales para que un cliente se comunique con un negocio o empresa donde la log\u00edstica es fundamental para brindar una experiencia de alto nivel. Estamos preparados para apoyarte en esta transformaci\u00f3n.<\/span><\/p><\/li><li><p><span lang=\"es-ES\">Nuestra experiencia en la industria log\u00edstica nos permite comprender r\u00e1pidamente los desaf\u00edos de su negocio y proponer soluciones viables que optimizar\u00e1n su proceso y productividad.<\/span><\/p><\/li><\/ul><\/li><\/ul>\t\t\t\t\t\t\t\t<\/div>\n\t\t\t\t<\/div>\n\t\t\t\t<div class=\"elementor-element elementor-element-6df8cf6 elementor-align-center elementor-widget elementor-widget-button\" data-id=\"6df8cf6\" data-element_type=\"widget\" data-e-type=\"widget\" data-widget_type=\"button.default\">\n\t\t\t\t<div class=\"elementor-widget-container\">\n\t\t\t\t\t\t\t\t\t<div class=\"elementor-button-wrapper\">\n\t\t\t\t\t<a class=\"elementor-button elementor-button-link elementor-size-sm elementor-animation-float\" href=\"https:\/\/donetrade.eu\/index.php\/contacto\/\">\n\t\t\t\t\t\t<span class=\"elementor-button-content-wrapper\">\n\t\t\t\t\t\t\t\t\t<span class=\"elementor-button-text\">Cont\u00e1ctenos<\/span>\n\t\t\t\t\t<\/span>\n\t\t\t\t\t<\/a>\n\t\t\t\t<\/div>\n\t\t\t\t\t\t\t\t<\/div>\n\t\t\t\t<\/div>\n\t\t\t\t\t<\/div>\n\t\t<\/div>\n\t\t\t\t\t<\/div>\n\t\t<\/section>\n\t\t\t\t<\/div>\n\t\t","protected":false},"excerpt":{"rendered":"<p>Bienvenido a D&#8217;One Trade Potencia tu negocio con una mejor log\u00edstica log\u00edstica internacional para empresas, log\u00edstica internacional para empresas Este es el momento de la verdad. No es una cuesti\u00f3n de creer: El momento es de crecer internacionalmente o irse. El aumento de los vol\u00famenes del comercio internacional es estructural e irreversible. No es una [&hellip;]<\/p>\n","protected":false},"author":1,"featured_media":466,"parent":0,"menu_order":0,"comment_status":"closed","ping_status":"closed","template":"elementor_canvas","meta":{"footnotes":""},"class_list":["post-2","page","type-page","status-publish","has-post-thumbnail","hentry"],"yoast_head":"<!-- This site is optimized with the Yoast SEO plugin v27.3 - https:\/\/yoast.com\/product\/yoast-seo-wordpress\/ -->\n<title>Log\u00edstica internacional para pymes | Done Trade<\/title>\n<meta name=\"description\" content=\"En D\u2019One Trade ofrecemos servicios de servicios de Comercio internacional y log\u00edstica dise\u00f1ados para apoyar a empresas que buscan operar...\" \/>\n<meta name=\"robots\" content=\"index, follow, max-snippet:-1, max-image-preview:large, max-video-preview:-1\" \/>\n<link rel=\"canonical\" href=\"https:\/\/donetrade.eu\/en\/\" \/>\n<meta property=\"og:locale\" content=\"en_GB\" \/>\n<meta property=\"og:type\" content=\"article\" \/>\n<meta property=\"og:title\" content=\"Log\u00edstica internacional para pymes | Done Trade\" \/>\n<meta property=\"og:description\" content=\"En D\u2019One Trade ofrecemos servicios de servicios de Comercio internacional y log\u00edstica dise\u00f1ados para apoyar a empresas que buscan operar...\" \/>\n<meta property=\"og:url\" content=\"https:\/\/donetrade.eu\/en\/\" \/>\n<meta property=\"og:site_name\" content=\"Done Trade\" \/>\n<meta property=\"article:modified_time\" content=\"2026-03-26T19:25:03+00:00\" \/>\n<meta property=\"og:image\" content=\"https:\/\/donetrade.eu\/wp-content\/uploads\/2023\/11\/img18.jpg\" \/>\n\t<meta property=\"og:image:width\" content=\"1600\" \/>\n\t<meta property=\"og:image:height\" content=\"1200\" \/>\n\t<meta property=\"og:image:type\" content=\"image\/jpeg\" \/>\n<meta name=\"twitter:card\" content=\"summary_large_image\" \/>\n<meta name=\"twitter:label1\" content=\"Estimated reading time\" \/>\n\t<meta name=\"twitter:data1\" content=\"3 minutes\" \/>\n<script type=\"application\/ld+json\" class=\"yoast-schema-graph\">{\"@context\":\"https:\\\/\\\/schema.org\",\"@graph\":[{\"@type\":\"WebPage\",\"@id\":\"https:\\\/\\\/donetrade.eu\\\/\",\"url\":\"https:\\\/\\\/donetrade.eu\\\/\",\"name\":\"Log\u00edstica internacional para pymes | Done Trade\",\"isPartOf\":{\"@id\":\"https:\\\/\\\/donetrade.eu\\\/#website\"},\"primaryImageOfPage\":{\"@id\":\"https:\\\/\\\/donetrade.eu\\\/#primaryimage\"},\"image\":{\"@id\":\"https:\\\/\\\/donetrade.eu\\\/#primaryimage\"},\"thumbnailUrl\":\"https:\\\/\\\/donetrade.eu\\\/wp-content\\\/uploads\\\/2023\\\/11\\\/img18.jpg\",\"datePublished\":\"2023-10-01T16:14:34+00:00\",\"dateModified\":\"2026-03-26T19:25:03+00:00\",\"description\":\"En D\u2019One Trade ofrecemos servicios de servicios de Comercio internacional y log\u00edstica dise\u00f1ados para apoyar a empresas que buscan operar...\",\"breadcrumb\":{\"@id\":\"https:\\\/\\\/donetrade.eu\\\/#breadcrumb\"},\"inLanguage\":\"en-GB\",\"potentialAction\":[{\"@type\":\"ReadAction\",\"target\":[\"https:\\\/\\\/donetrade.eu\\\/\"]}]},{\"@type\":\"ImageObject\",\"inLanguage\":\"en-GB\",\"@id\":\"https:\\\/\\\/donetrade.eu\\\/#primaryimage\",\"url\":\"https:\\\/\\\/donetrade.eu\\\/wp-content\\\/uploads\\\/2023\\\/11\\\/img18.jpg\",\"contentUrl\":\"https:\\\/\\\/donetrade.eu\\\/wp-content\\\/uploads\\\/2023\\\/11\\\/img18.jpg\",\"width\":1600,\"height\":1200,\"caption\":\"log\u00edstica internacional para empresas\"},{\"@type\":\"BreadcrumbList\",\"@id\":\"https:\\\/\\\/donetrade.eu\\\/#breadcrumb\",\"itemListElement\":[{\"@type\":\"ListItem\",\"position\":1,\"name\":\"Portada\",\"item\":\"https:\\\/\\\/donetrade.eu\\\/\"},{\"@type\":\"ListItem\",\"position\":2,\"name\":\"Inicio\"}]},{\"@type\":\"WebSite\",\"@id\":\"https:\\\/\\\/donetrade.eu\\\/#website\",\"url\":\"https:\\\/\\\/donetrade.eu\\\/\",\"name\":\"Done Trade\",\"description\":\"\",\"publisher\":{\"@id\":\"https:\\\/\\\/donetrade.eu\\\/#organization\"},\"potentialAction\":[{\"@type\":\"SearchAction\",\"target\":{\"@type\":\"EntryPoint\",\"urlTemplate\":\"https:\\\/\\\/donetrade.eu\\\/?s={search_term_string}\"},\"query-input\":{\"@type\":\"PropertyValueSpecification\",\"valueRequired\":true,\"valueName\":\"search_term_string\"}}],\"inLanguage\":\"en-GB\"},{\"@type\":\"Organization\",\"@id\":\"https:\\\/\\\/donetrade.eu\\\/#organization\",\"name\":\"Done Trade\",\"url\":\"https:\\\/\\\/donetrade.eu\\\/\",\"logo\":{\"@type\":\"ImageObject\",\"inLanguage\":\"en-GB\",\"@id\":\"https:\\\/\\\/donetrade.eu\\\/#\\\/schema\\\/logo\\\/image\\\/\",\"url\":\"https:\\\/\\\/donetrade.eu\\\/wp-content\\\/uploads\\\/2023\\\/10\\\/cropped-Logo-para-fundo-branco-II.png\",\"contentUrl\":\"https:\\\/\\\/donetrade.eu\\\/wp-content\\\/uploads\\\/2023\\\/10\\\/cropped-Logo-para-fundo-branco-II.png\",\"width\":1561,\"height\":491,\"caption\":\"Done Trade\"},\"image\":{\"@id\":\"https:\\\/\\\/donetrade.eu\\\/#\\\/schema\\\/logo\\\/image\\\/\"}}]}<\/script>\n<!-- \/ Yoast SEO plugin. -->","yoast_head_json":{"title":"Log\u00edstica internacional para pymes | Done Trade","description":"En D\u2019One Trade ofrecemos servicios de servicios de Comercio internacional y log\u00edstica dise\u00f1ados para apoyar a empresas que buscan operar...","robots":{"index":"index","follow":"follow","max-snippet":"max-snippet:-1","max-image-preview":"max-image-preview:large","max-video-preview":"max-video-preview:-1"},"canonical":"https:\/\/donetrade.eu\/en\/","og_locale":"en_GB","og_type":"article","og_title":"Log\u00edstica internacional para pymes | Done Trade","og_description":"En D\u2019One Trade ofrecemos servicios de servicios de Comercio internacional y log\u00edstica dise\u00f1ados para apoyar a empresas que buscan operar...","og_url":"https:\/\/donetrade.eu\/en\/","og_site_name":"Done Trade","article_modified_time":"2026-03-26T19:25:03+00:00","og_image":[{"width":1600,"height":1200,"url":"https:\/\/donetrade.eu\/wp-content\/uploads\/2023\/11\/img18.jpg","type":"image\/jpeg"}],"twitter_card":"summary_large_image","twitter_misc":{"Estimated reading time":"3 minutes"},"schema":{"@context":"https:\/\/schema.org","@graph":[{"@type":"WebPage","@id":"https:\/\/donetrade.eu\/","url":"https:\/\/donetrade.eu\/","name":"Log\u00edstica internacional para pymes | Done Trade","isPartOf":{"@id":"https:\/\/donetrade.eu\/#website"},"primaryImageOfPage":{"@id":"https:\/\/donetrade.eu\/#primaryimage"},"image":{"@id":"https:\/\/donetrade.eu\/#primaryimage"},"thumbnailUrl":"https:\/\/donetrade.eu\/wp-content\/uploads\/2023\/11\/img18.jpg","datePublished":"2023-10-01T16:14:34+00:00","dateModified":"2026-03-26T19:25:03+00:00","description":"En D\u2019One Trade ofrecemos servicios de servicios de Comercio internacional y log\u00edstica dise\u00f1ados para apoyar a empresas que buscan operar...","breadcrumb":{"@id":"https:\/\/donetrade.eu\/#breadcrumb"},"inLanguage":"en-GB","potentialAction":[{"@type":"ReadAction","target":["https:\/\/donetrade.eu\/"]}]},{"@type":"ImageObject","inLanguage":"en-GB","@id":"https:\/\/donetrade.eu\/#primaryimage","url":"https:\/\/donetrade.eu\/wp-content\/uploads\/2023\/11\/img18.jpg","contentUrl":"https:\/\/donetrade.eu\/wp-content\/uploads\/2023\/11\/img18.jpg","width":1600,"height":1200,"caption":"log\u00edstica internacional para empresas"},{"@type":"BreadcrumbList","@id":"https:\/\/donetrade.eu\/#breadcrumb","itemListElement":[{"@type":"ListItem","position":1,"name":"Portada","item":"https:\/\/donetrade.eu\/"},{"@type":"ListItem","position":2,"name":"Inicio"}]},{"@type":"WebSite","@id":"https:\/\/donetrade.eu\/#website","url":"https:\/\/donetrade.eu\/","name":"Done Trade","description":"","publisher":{"@id":"https:\/\/donetrade.eu\/#organization"},"potentialAction":[{"@type":"SearchAction","target":{"@type":"EntryPoint","urlTemplate":"https:\/\/donetrade.eu\/?s={search_term_string}"},"query-input":{"@type":"PropertyValueSpecification","valueRequired":true,"valueName":"search_term_string"}}],"inLanguage":"en-GB"},{"@type":"Organization","@id":"https:\/\/donetrade.eu\/#organization","name":"Done Trade","url":"https:\/\/donetrade.eu\/","logo":{"@type":"ImageObject","inLanguage":"en-GB","@id":"https:\/\/donetrade.eu\/#\/schema\/logo\/image\/","url":"https:\/\/donetrade.eu\/wp-content\/uploads\/2023\/10\/cropped-Logo-para-fundo-branco-II.png","contentUrl":"https:\/\/donetrade.eu\/wp-content\/uploads\/2023\/10\/cropped-Logo-para-fundo-branco-II.png","width":1561,"height":491,"caption":"Done Trade"},"image":{"@id":"https:\/\/donetrade.eu\/#\/schema\/logo\/image\/"}}]}},"_links":{"self":[{"href":"https:\/\/donetrade.eu\/en\/wp-json\/wp\/v2\/pages\/2","targetHints":{"allow":["GET"]}}],"collection":[{"href":"https:\/\/donetrade.eu\/en\/wp-json\/wp\/v2\/pages"}],"about":[{"href":"https:\/\/donetrade.eu\/en\/wp-json\/wp\/v2\/types\/page"}],"author":[{"embeddable":true,"href":"https:\/\/donetrade.eu\/en\/wp-json\/wp\/v2\/users\/1"}],"replies":[{"embeddable":true,"href":"https:\/\/donetrade.eu\/en\/wp-json\/wp\/v2\/comments?post=2"}],"version-history":[{"count":137,"href":"https:\/\/donetrade.eu\/en\/wp-json\/wp\/v2\/pages\/2\/revisions"}],"predecessor-version":[{"id":838,"href":"https:\/\/donetrade.eu\/en\/wp-json\/wp\/v2\/pages\/2\/revisions\/838"}],"wp:featuredmedia":[{"embeddable":true,"href":"https:\/\/donetrade.eu\/en\/wp-json\/wp\/v2\/media\/466"}],"wp:attachment":[{"href":"https:\/\/donetrade.eu\/en\/wp-json\/wp\/v2\/media?parent=2"}],"curies":[{"name":"wp","href":"https:\/\/api.w.org\/{rel}","templated":true}]}}